{"id":276800,"date":"2019-03-28T17:51:50","date_gmt":"2019-03-28T14:51:50","guid":{"rendered":"https:\/\/www.nationalturk.com\/?page_id=276800"},"modified":"2020-05-22T15:57:38","modified_gmt":"2020-05-22T12:57:38","slug":"hakkimizda","status":"publish","type":"page","link":"https:\/\/www.nationalturk.com\/tr\/hakkimizda\/","title":{"rendered":"Hakk\u0131m\u0131zda"},"content":{"rendered":"<p><img decoding=\"async\" src=\"https:\/\/www.nationalturk.com\/tr\/wp-content\/uploads\/2020\/04\/nt-logo-transparan-kirmizi.png\" alt=\"\" width=\"250\" class=\"aligncenter size-full wp-image-289589\" title=\"\"><\/p>\n<p>NationalTurk; ba\u011f\u0131ms\u0131z, tarafs\u0131z, sosyal olaylara duyarl\u0131 bir internet haber portal\u0131d\u0131r. T\u00fcrkiye\u2019de ve d\u00fcnyada meydana gelen olaylar ve geli\u015fmeleri, ajanslar ve kendi ekibimiz arac\u0131l\u0131\u011f\u0131yla takip ederek oldu\u011fu gibi size sunuyoruz.<\/p>\n<p>2009 y\u0131l\u0131nda faaliyete ge\u00e7en <a title=\"NationalTurk\" href=\"https:\/\/www.nationalturk.com\/\">NationalTurk<\/a>, yaz\u0131l\u0131, foto\u011frafl\u0131 ve g\u00f6r\u00fcnt\u00fcl\u00fc haberleri internet \u00fczerinden ziyaret\u00e7ilerine ula\u015ft\u0131rmaktad\u0131r. Sitemizde, kendi mahallenizden d\u00fcnyan\u0131n en uzak k\u00f6\u015fesine kadar her yer ile ilgili haber okuyabilirsiniz.<\/p>\n<p>Ziyaret\u00e7ilerimiz t\u00fcm haberleri i\u00e7inde konuya g\u00f6re arama yapma olana\u011f\u0131 sunmaktay\u0131z. Bu arama, kelime ve ilgili bazl\u0131, yapay zeka ile desteklenmi\u015f ger\u00e7ek bir haber arama sayfas\u0131d\u0131r.<\/p>\n<h3>NationalTurk Yay\u0131nc\u0131l\u0131k \u0130lkeleri<\/h3>\n<p><strong>TARAFSIZ Habercilik:<\/strong> Sitemizde yay\u0131nlanan haberlere konu olan olaylara veya haberlerde ad\u0131 ge\u00e7en ki\u015filere tam bir tarafs\u0131zl\u0131k i\u00e7inde yakla\u015fmaktay\u0131z. Biz haberi okura ula\u015ft\u0131ran \u201carac\u0131\u201d olarak, hi\u00e7bir haberin anlam\u0131n\u0131 de\u011fi\u015ftirmemeyi ve hi\u00e7bir haberi manip\u00fcle etmemeyi ilke edinmi\u015f bulunuyoruz.<\/p>\n<p><strong>M\u0130M\u0130KS\u0130Z Habercilik:<\/strong> Okurlar\u0131m\u0131za sundu\u011fumuz haberlerin i\u00e7eri\u011finin \u201ciyi haber \/ k\u00f6t\u00fc haber\u201d, \u201cm\u00fcjdeli haber \/ kara haber\u201d olmas\u0131 ile ilgilenmiyoruz. Haberi sunarken, okura \u201c\u015fimdi sevinmelisin\u201d veya \u201c\u015fimdi \u00fcz\u00fclmesin\u201d havas\u0131 ile sunmuyor; yaln\u0131zca ger\u00e7e\u011fi, yaln\u0131zca olanlar\u0131 aktar\u0131yoruz. Bir haberin okurda ne t\u00fcr duygular uyand\u0131raca\u011f\u0131 okurun karar verece\u011fi bir konudur.<\/p>\n<p><strong>A\u00c7IK Habercilik:<\/strong> Herhangi bir ger\u00e7e\u011fin ve herhangi bir olay\u0131n kenara itilmemesi, bilin\u00e7li veya bilin\u00e7siz bir \u015fekilde minik puntolarla bir kenara at\u0131larak g\u00f6zden saklanmamas\u0131 gerekti\u011fini savunuyoruz. Her ne olduysa ve her ne olay haber niteli\u011fi ta\u015f\u0131yorsa bizim konumuzdur ve okurun bunu bilmeye \u00f6\u011frenmeye hakk\u0131 vard\u0131r. Hi\u00e7bir haberi saklamayaca\u011f\u0131z, k\u00fc\u00e7\u00fcltmeyece\u011fiz, g\u00f6zden ka\u00e7\u0131rmayaca\u011f\u0131z.<\/p>\n<p><strong>POSTACI Habercilik:<\/strong> Bizler, haberi aktaran ki\u015filer olarak g\u00f6revimizin; okurlar\u0131 y\u00f6nlendirmek veya habere konu olay ile ilgili giri\u015fimlerde bulunmak olmad\u0131\u011f\u0131n\u0131 d\u00fc\u015f\u00fcn\u00fcyoruz. Daha a\u00e7\u0131k bir ifade ile, ne T\u00fcrkiye\u2019yi y\u00f6neten herhangi bir ki\u015fi veya kurumu etkilemeyi, ne de halk\u0131 haberin g\u00fcc\u00fcn\u00fc kullanarak y\u00f6nlendirmeyi d\u00fc\u015f\u00fcnm\u00fcyoruz. Bizler postac\u0131y\u0131z. G\u00f6revimiz postay\u0131 al\u0131c\u0131s\u0131na zaman\u0131nda ula\u015ft\u0131rmakt\u0131r. Bunun d\u0131\u015f\u0131nda \u201chalk\u0131 ayd\u0131nlatmak\u201d, \u201chalka yol g\u00f6stermek\u201d, \u201ch\u00fckumeti yola getirmek\u201d, \u201ctoplumu d\u00fczeltmek\u201d gibi g\u00f6revlerimiz yoktur.<\/p>\n<p><a title=\"\u0130leti\u015fim\" href=\"https:\/\/www.nationalturk.com\/iletisim\/\">@NationalTurk ileti\u015fim<\/a><\/p>\n<div class=\"container\" style=\"margin:auto;  margin-top:50px;\">\n<div class=\"row\">\n<div class=\"col-xs-3\" style=\"max-width:300px; height:375px; overflow:hidden; float:left; padding:10px; margin-bottom:20px;\">\n<iframe loading=\"lazy\" src=\"https:\/\/www.facebook.com\/plugins\/page.php?href=https%3A%2F%2Fwww.facebook.com%2FNationalTurk.News&#038;tabs=timeline&#038;width=340&#038;height=450px&#038;small_header=true&#038;adapt_container_width=true&#038;hide_cover=true&#038;show_facepile=false&#038;appId=1814566778830577\" width=\"100%\" height=\"375px\" style=\"border:none;overflow:hidden\" scrolling=\"no\" frameborder=\"0\" allowTransparency=\"true\" allow=\"encrypted-media\"><\/iframe>\n<\/div>\n<div class=\"col-xs-3\" style=\"max-width:300px; height:375px; overflow:hidden; float:left; padding:10px; margin-bottom:20px;\">\n<a data-pin-do=\"embedUser\" data-pin-board-width=\"340\" data-pin-scale-height=\"375\" data-pin-scale-width=\"80\" href=\"https:\/\/www.pinterest.co.uk\/nationalturk\/\" target=\"_blank\" rel=\"noopener\"><\/a><br \/>\n<script async defer src=\"\/\/assets.pinterest.com\/js\/pinit.js\"><\/script>\n<\/div>\n<div class=\"col-xs-3\" style=\"max-width:270px; height:375px; overflow:hidden; float:left; padding:10px; margin-bottom:20px;\">\n<div style=\"margin-top:-60px !important;\">\n<a class=\"twitter-timeline\" href=\"https:\/\/twitter.com\/nationalturkcom?ref_src=twsrc%5Etfw\" target=\"_blank\" rel=\"noopener\"><\/a> <script async src=\"https:\/\/platform.twitter.com\/widgets.js\" charset=\"utf-8\"><\/script>\n<\/div>\n<\/div>\n<div class=\"col-xs-3\" style=\"max-width:270px; height:375px; overflow:hidden; float:left; padding:10px; margin-bottom:20px;\">\n[instagram-feed showbutton=false]\n<\/div>\n<\/div>\n<\/div>\n","protected":false},"excerpt":{"rendered":"<p>NationalTurk; ba\u011f\u0131ms\u0131z, tarafs\u0131z, sosyal olaylara duyarl\u0131 bir internet haber portal\u0131d\u0131r. T\u00fcrkiye\u2019de ve d\u00fcnyada meydana gelen olaylar ve geli\u015fmeleri, ajanslar ve kendi ekibimiz arac\u0131l\u0131\u011f\u0131yla takip ederek oldu\u011fu gibi size sunuyoruz. 2009 y\u0131l\u0131nda faaliyete ge\u00e7en NationalTurk, yaz\u0131l\u0131, foto\u011frafl\u0131 ve g\u00f6r\u00fcnt\u00fcl\u00fc haberleri internet \u00fczerinden ziyaret\u00e7ilerine ula\u015ft\u0131rmaktad\u0131r. Sitemizde, kendi mahallenizden d\u00fcnyan\u0131n en uzak k\u00f6\u015fesine kadar her yer ile ilgili &hellip;<\/p>\n","protected":false},"author":69742,"featured_media":0,"parent":0,"menu_order":0,"comment_status":"closed","ping_status":"closed","template":"","meta":{"_acf_changed":false,"footnotes":""},"class_list":["post-276800","page","type-page","status-publish","hentry"],"acf":[],"_links":{"self":[{"href":"https:\/\/www.nationalturk.com\/tr\/wp-json\/wp\/v2\/pages\/276800","targetHints":{"allow":["GET"]}}],"collection":[{"href":"https:\/\/www.nationalturk.com\/tr\/wp-json\/wp\/v2\/pages"}],"about":[{"href":"https:\/\/www.nationalturk.com\/tr\/wp-json\/wp\/v2\/types\/page"}],"author":[{"embeddable":true,"href":"https:\/\/www.nationalturk.com\/tr\/wp-json\/wp\/v2\/users\/69742"}],"replies":[{"embeddable":true,"href":"https:\/\/www.nationalturk.com\/tr\/wp-json\/wp\/v2\/comments?post=276800"}],"version-history":[{"count":0,"href":"https:\/\/www.nationalturk.com\/tr\/wp-json\/wp\/v2\/pages\/276800\/revisions"}],"wp:attachment":[{"href":"https:\/\/www.nationalturk.com\/tr\/wp-json\/wp\/v2\/media?parent=276800"}],"curies":[{"name":"wp","href":"https:\/\/api.w.org\/{rel}","templated":true}]}}